{"id":1405,"date":"2018-03-19T02:25:34","date_gmt":"2018-03-19T07:25:34","guid":{"rendered":"https:\/\/idpc.gov.co\/publicaciones\/?post_type=product&#038;p=1405"},"modified":"2024-04-30T22:31:35","modified_gmt":"2024-05-01T03:31:35","slug":"somos-usme-venimos-de-la-quinta","status":"publish","type":"product","link":"https:\/\/idpc.gov.co\/publicaciones\/producto\/somos-usme-venimos-de-la-quinta\/","title":{"rendered":"Somos Usme. Venimos De La Quinta"},"content":{"rendered":"<p><iframe style=\"border: none; width: 100%; height: 326px;\" src=\"\/\/e.issuu.com\/embed.html?d=usme-web&amp;u=patrimoniobogota\" allowfullscreen=\"allowfullscreen\"><\/iframe><\/p>\n","protected":false},"excerpt":{"rendered":"<p>En el marco del programa Patrimonios Locales, el IDPC ha realizado importantes avances en la identificaci\u00f3n del Patrimonio Cultural Inmaterial (PCI) presente en las localidades de Bogot\u00e1 a trav\u00e9s de procesos de investigaci\u00f3n participativa y colaborativa.\u00a0 Producto de este esfuerzo colectivo se desarroll\u00f3 la cartilla <em>Somos Usme, venimos de la quinta, <\/em>en donde se recogen, desde las voces de diversos actores de la localidad, las investigaciones adelantadas por los participantes del proceso en torno a algunas manifestaciones patrimoniales y temas relevantes de la memoria local en 2018. Todo ello con el acompa\u00f1amiento del equipo de PCI del IDPC.<\/p>\n<p>Esta cartilla recoge los conocimientos y relatos referentes a la tradici\u00f3n culinaria de la localidad, donde la chicha y la picada son las protagonistas; la cultura campesina de Usme atravesada por la m\u00fasica carranguera y los testimonios e historias de campesinos de Usme; el uso y la gesti\u00f3n del agua, elemento constitutivo de la memoria y foco central en las luchas y procesos organizativos de la comunidad \u00a0y finalmente se propone una reflexi\u00f3n sobre las formas de apropiaci\u00f3n que giran en torno al monumento de Usminia, s\u00edmbolo del territorio usme\u00f1o. En s\u00edntesis, esta publicaci\u00f3n busca recoger y divulgar las memorias, saberes y sabores que han hecho de Usme, la quinta localidad de Bogot\u00e1, un espacio de gran riqueza cultural para la ciudad. Es, tambi\u00e9n, una evidencia de que es posible construir conocimiento colectivo con la ciudadan\u00eda.<\/p>\n<p><strong>Autor:<\/strong> Participantes programa Patrimonios Locales-IDPC<br \/>\n<strong>A\u00f1o:<\/strong> 2019<\/p>\n<p>&nbsp;<\/p>\n<p><a href=\"https:\/\/idpc.gov.co\/publicaciones\/descargas\/usme.pdf\"><img decoding=\"async\" class=\"alignleft wp-image-11737 size-full\" src=\"https:\/\/idpc.gov.co\/publicaciones\/wp-content\/uploads\/2019\/03\/descargar115.png\" alt=\"\" width=\"158\" height=\"49\" \/><\/a><\/p>\n<p><strong>L<\/strong><strong>icencia de Creative Commons: Atribuci\u00f3n\u00a0\u2013 No comercial\u00a0\u2013\u00a0Sin Derivar.\u00a0Esta licencia solo permite la descarga de esta obra para compartirla con otras personas, siempre y cuando se reconozca su autor\u00eda. La obra no se puede modificar de ninguna manera, ni se puede utilizar comercialmente.<\/strong><\/p>\n","protected":false},"featured_media":1368,"comment_status":"open","ping_status":"closed","template":"","meta":{"_acf_changed":false},"product_brand":[],"product_cat":[104,101],"product_tag":[],"class_list":{"0":"post-1405","1":"product","2":"type-product","3":"status-publish","4":"has-post-thumbnail","6":"product_cat-expresiones_y_agencias","7":"product_cat-lugares_y_tiempos","9":"first","10":"instock","11":"shipping-taxable","12":"product-type-external"},"acf":[],"_links":{"self":[{"href":"https:\/\/idpc.gov.co\/publicaciones\/wp-json\/wp\/v2\/product\/1405","targetHints":{"allow":["GET"]}}],"collection":[{"href":"https:\/\/idpc.gov.co\/publicaciones\/wp-json\/wp\/v2\/product"}],"about":[{"href":"https:\/\/idpc.gov.co\/publicaciones\/wp-json\/wp\/v2\/types\/product"}],"replies":[{"embeddable":true,"href":"https:\/\/idpc.gov.co\/publicaciones\/wp-json\/wp\/v2\/comments?post=1405"}],"wp:featuredmedia":[{"embeddable":true,"href":"https:\/\/idpc.gov.co\/publicaciones\/wp-json\/wp\/v2\/media\/1368"}],"wp:attachment":[{"href":"https:\/\/idpc.gov.co\/publicaciones\/wp-json\/wp\/v2\/media?parent=1405"}],"wp:term":[{"taxonomy":"product_brand","embeddable":true,"href":"https:\/\/idpc.gov.co\/publicaciones\/wp-json\/wp\/v2\/product_brand?post=1405"},{"taxonomy":"product_cat","embeddable":true,"href":"https:\/\/idpc.gov.co\/publicaciones\/wp-json\/wp\/v2\/product_cat?post=1405"},{"taxonomy":"product_tag","embeddable":true,"href":"https:\/\/idpc.gov.co\/publicaciones\/wp-json\/wp\/v2\/product_tag?post=1405"}],"curies":[{"name":"wp","href":"https:\/\/api.w.org\/{rel}","templated":true}]}}