{"id":1386,"date":"2018-04-20T22:46:53","date_gmt":"2018-04-21T03:46:53","guid":{"rendered":"https:\/\/idpc.gov.co\/publicaciones\/?post_type=product&#038;p=1386"},"modified":"2024-04-30T22:09:54","modified_gmt":"2024-05-01T03:09:54","slug":"arquitectura-y-espacio-urbano-memorias-del-futuro","status":"publish","type":"product","link":"https:\/\/idpc.gov.co\/publicaciones\/producto\/arquitectura-y-espacio-urbano-memorias-del-futuro\/","title":{"rendered":"Arquitectura y espacio urbano: Memorias del futuro"},"content":{"rendered":"<div style=\"position: relative; padding-top: max(60%,326px); height: 0; width: 100%;\"><iframe style=\"position: absolute; border: none; width: 100%; height: 100%; left: 0; right: 0; top: 0; bottom: 0;\" src=\"https:\/\/e.issuu.com\/embed.html?d=arquitectura_y_espacio_urbano_ebook&amp;u=patrimoniobogota\" sandbox=\"allow-top-navigation allow-top-navigation-by-user-activation allow-downloads allow-scripts allow-same-origin allow-popups allow-modals allow-popups-to-escape-sandbox\" allowfullscreen=\"allowfullscreen\"><\/iframe><\/div>\n","protected":false},"excerpt":{"rendered":"<p>En 1987 se celebr\u00f3 en Manizales, Colombia, el tercer seminario de Arquitectura Latinoamericana, gracias a la iniciativa de un entusiasta grupo de arquitectos interesados en reflexionar sobre las caracter\u00edsticas y particularidades de la arquitectura de nuestro continente, encabezado por Rogelio Salmona.\u00a0 Veintiseis a\u00f1os despu\u00e9s, nuestro pa\u00eds volvi\u00f3 a ser anfitri\u00f3n y no hubo duda en que la organizaci\u00f3n de la versi\u00f3n 15 de los seminarios de Arquitectura Latinoamericana deb\u00eda estar en manos de la Fundaci\u00f3n Rogelio Salmona (FRS), entidad comprometida en conservar y recrear la obra, el pensamiento y las ense\u00f1anzas de este destacado arquitecto.\u00a0 Esta publicaci\u00f3n comprende las memorias del SAL 15, celebrado en Bogot\u00e1 entre el 22 y el 26 de septiembre de 2013.<\/p>\n<p>Para el Instituto Distrital de Patrimonio Cultural, este t\u00edtulo se constituye en una gran oportunidad para conocer en voz de sus protagonistas \u2013arquitectos, urbanistas, docentes, investigadores, estudiantes\u2013, lo que est\u00e1 sucediendo hoy en nuestras ciudades latinoamericanas y su visi\u00f3n sobre\u00a0 su futuro, para as\u00ed aprender de las experiencias de todos, y tambi\u00e9n, para incentivar a las nuevas generaciones de profesionales para que contin\u00faen este trabajo con sus propias ideas e iniciativas.<\/p>\n<p><strong>Autor:<\/strong>Fundaci\u00f3n Rogelio Salmona- Instituto Distrital De Patrimonio Cultura<strong>l<\/strong><br \/>\n<strong>A\u00f1o: <\/strong>2014<\/p>\n<p><a href=\"https:\/\/drive.google.com\/file\/d\/1wUM9AlhC-KiZilnAx3Xk74LgXqySTiBA\/view?usp=sharing\"><img decoding=\"async\" class=\"alignleft wp-image-11737 size-full\" src=\"https:\/\/idpc.gov.co\/publicaciones\/wp-content\/uploads\/2019\/03\/descargar115.png\" alt=\"\" width=\"158\" height=\"49\" \/><\/a><\/p>\n<p><strong>Para descarga: L<\/strong><strong>icencia de Creative Commons: Atribuci\u00f3n\u00a0\u2013 No comercial\u00a0\u2013\u00a0Sin Derivar.\u00a0Esta licencia solo permite la descarga de esta obra para compartirla con otras personas, siempre y cuando se reconozca su autor\u00eda. La obra no se puede modificar de ninguna manera, ni se puede utilizar comercialmente.<\/strong><\/p>\n","protected":false},"featured_media":391,"comment_status":"open","ping_status":"closed","template":"","meta":{"_acf_changed":false},"product_brand":[],"product_cat":[103],"product_tag":[75],"class_list":{"0":"post-1386","1":"product","2":"type-product","3":"status-publish","4":"has-post-thumbnail","6":"product_cat-proyecciones_y_apuestas","7":"product_tag-75","9":"first","10":"instock","11":"virtual","12":"purchasable","13":"product-type-simple"},"acf":[],"_links":{"self":[{"href":"https:\/\/idpc.gov.co\/publicaciones\/wp-json\/wp\/v2\/product\/1386","targetHints":{"allow":["GET"]}}],"collection":[{"href":"https:\/\/idpc.gov.co\/publicaciones\/wp-json\/wp\/v2\/product"}],"about":[{"href":"https:\/\/idpc.gov.co\/publicaciones\/wp-json\/wp\/v2\/types\/product"}],"replies":[{"embeddable":true,"href":"https:\/\/idpc.gov.co\/publicaciones\/wp-json\/wp\/v2\/comments?post=1386"}],"wp:featuredmedia":[{"embeddable":true,"href":"https:\/\/idpc.gov.co\/publicaciones\/wp-json\/wp\/v2\/media\/391"}],"wp:attachment":[{"href":"https:\/\/idpc.gov.co\/publicaciones\/wp-json\/wp\/v2\/media?parent=1386"}],"wp:term":[{"taxonomy":"product_brand","embeddable":true,"href":"https:\/\/idpc.gov.co\/publicaciones\/wp-json\/wp\/v2\/product_brand?post=1386"},{"taxonomy":"product_cat","embeddable":true,"href":"https:\/\/idpc.gov.co\/publicaciones\/wp-json\/wp\/v2\/product_cat?post=1386"},{"taxonomy":"product_tag","embeddable":true,"href":"https:\/\/idpc.gov.co\/publicaciones\/wp-json\/wp\/v2\/product_tag?post=1386"}],"curies":[{"name":"wp","href":"https:\/\/api.w.org\/{rel}","templated":true}]}}