{"id":1381,"date":"2018-04-28T22:12:57","date_gmt":"2018-04-29T03:12:57","guid":{"rendered":"https:\/\/idpc.gov.co\/publicaciones\/?post_type=product&#038;p=1381"},"modified":"2024-04-30T22:14:40","modified_gmt":"2024-05-01T03:14:40","slug":"dog-days-bogota-alec-soth-copy","status":"publish","type":"product","link":"https:\/\/idpc.gov.co\/publicaciones\/producto\/dog-days-bogota-alec-soth-copy\/","title":{"rendered":"La Ciudad Silenciada. Marta Rodr\u00edguez y Jorge Silva"},"content":{"rendered":"<p><iframe style=\"border: none; width: 100%; height: 326px;\" src=\"\/\/e.issuu.com\/embed.html?d=ciudad_silenciada_web&amp;u=patrimoniobogota\" allowfullscreen=\"allowfullscreen\"><\/iframe><br \/>\n<iframe style=\"border: none; width: 100%; height: 326px;\" src=\"\/\/e.issuu.com\/embed.html?d=ciudad_interior_feb24_impresion&amp;u=patrimoniobogota\" allowfullscreen=\"allowfullscreen\"><\/iframe><\/p>\n","protected":false},"excerpt":{"rendered":"<p>Esta publicaci\u00f3n acompa\u00f1\u00f3 la exposici\u00f3n\u00a0 \u201c<em>La ciudad Silenciada. Marta Rodriguez y Jorge Silva\u201d<\/em> realizada en el Museo de Bogot\u00e1 en 2014.\u00a0\u00a0 El \u00e1mbito de inter\u00e9s del libro es la exploraci\u00f3n del tema de la memoria y el olvido a trav\u00e9s de la imagen documental, as\u00ed como el invitar al lector a internarse en el cuidadoso trabajo de Marta Rodr\u00edguez y Jorge Silva que con una mirada social y cr\u00edtica, desarrollaron a lo largo de los a\u00f1os.<\/p>\n<p>El libro, lejos de ser un cat\u00e1logo que clasifica las im\u00e1genes producto del trabajo documental de Marta y Jorge, da preponderancia visual a una selecci\u00f3n de su obra, incluye una entrevista \u00edntima con Rodr\u00edguez e incluye una carta-ponencia de ella sobre realizaciones de la mujer en el cine colombiano, adem\u00e1s de una filmograf\u00eda de los dos documentalistas.<\/p>\n<p><strong>Autor:\u00a0<\/strong>Museo de Bogot\u00e1<br \/>\n<strong>A\u00f1o:<\/strong> 2014<\/p>\n<p>&nbsp;<\/p>\n<p><a href=\"https:\/\/idpc.gov.co\/publicaciones\/descargas\/silenciada.pdf\"><img decoding=\"async\" class=\"alignleft wp-image-11737 size-full\" src=\"https:\/\/idpc.gov.co\/publicaciones\/wp-content\/uploads\/2019\/03\/descargar115.png\" alt=\"\" width=\"158\" height=\"49\" \/><\/a><\/p>\n<p><strong>L<\/strong><strong>icencia de Creative Commons: Atribuci\u00f3n\u00a0\u2013 No comercial\u00a0\u2013\u00a0Sin Derivar.\u00a0Esta licencia solo permite la descarga de esta obra para compartirla con otras personas, siempre y cuando se reconozca su autor\u00eda. La obra no se puede modificar de ninguna manera, ni se puede utilizar comercialmente.<\/strong><\/p>\n<p>&nbsp;<\/p>\n<p>&nbsp;<\/p>\n<p><a href=\"https:\/\/idpc.gov.co\/publicaciones\/descargas\/silenciada2.pdf\"><img decoding=\"async\" class=\"alignleft wp-image-11737 size-full\" src=\"https:\/\/idpc.gov.co\/publicaciones\/wp-content\/uploads\/2019\/03\/descargar115.png\" alt=\"\" width=\"158\" height=\"49\" \/><\/a><\/p>\n<p><strong>L<\/strong><strong>icencia de Creative Commons: Atribuci\u00f3n\u00a0\u2013 No comercial\u00a0\u2013\u00a0Sin Derivar.\u00a0Esta licencia solo permite la descarga de esta obra para compartirla con otras personas, siempre y cuando se reconozca su autor\u00eda. La obra no se puede modificar de ninguna manera, ni se puede utilizar comercialmente.<\/strong><\/p>\n","protected":false},"featured_media":345,"comment_status":"open","ping_status":"closed","template":"","meta":{"_acf_changed":false},"product_brand":[],"product_cat":[105,91],"product_tag":[],"class_list":{"0":"post-1381","1":"product","2":"type-product","3":"status-publish","4":"has-post-thumbnail","6":"product_cat-memorias_museo","7":"product_cat-nombres_propios","9":"first","10":"instock","11":"shipping-taxable","12":"purchasable","13":"product-type-simple"},"acf":[],"_links":{"self":[{"href":"https:\/\/idpc.gov.co\/publicaciones\/wp-json\/wp\/v2\/product\/1381","targetHints":{"allow":["GET"]}}],"collection":[{"href":"https:\/\/idpc.gov.co\/publicaciones\/wp-json\/wp\/v2\/product"}],"about":[{"href":"https:\/\/idpc.gov.co\/publicaciones\/wp-json\/wp\/v2\/types\/product"}],"replies":[{"embeddable":true,"href":"https:\/\/idpc.gov.co\/publicaciones\/wp-json\/wp\/v2\/comments?post=1381"}],"wp:featuredmedia":[{"embeddable":true,"href":"https:\/\/idpc.gov.co\/publicaciones\/wp-json\/wp\/v2\/media\/345"}],"wp:attachment":[{"href":"https:\/\/idpc.gov.co\/publicaciones\/wp-json\/wp\/v2\/media?parent=1381"}],"wp:term":[{"taxonomy":"product_brand","embeddable":true,"href":"https:\/\/idpc.gov.co\/publicaciones\/wp-json\/wp\/v2\/product_brand?post=1381"},{"taxonomy":"product_cat","embeddable":true,"href":"https:\/\/idpc.gov.co\/publicaciones\/wp-json\/wp\/v2\/product_cat?post=1381"},{"taxonomy":"product_tag","embeddable":true,"href":"https:\/\/idpc.gov.co\/publicaciones\/wp-json\/wp\/v2\/product_tag?post=1381"}],"curies":[{"name":"wp","href":"https:\/\/api.w.org\/{rel}","templated":true}]}}