{"id":12278,"date":"2020-12-15T22:23:36","date_gmt":"2020-12-16T03:23:36","guid":{"rendered":"https:\/\/idpc.gov.co\/publicaciones\/?post_type=product&#038;p=12278"},"modified":"2024-04-30T22:23:50","modified_gmt":"2024-05-01T03:23:50","slug":"nos-sentimos-como-en-casa-la-historia-ilustrada-del-barrio-jorge-eliecer-gaitan","status":"publish","type":"product","link":"https:\/\/idpc.gov.co\/publicaciones\/producto\/nos-sentimos-como-en-casa-la-historia-ilustrada-del-barrio-jorge-eliecer-gaitan\/","title":{"rendered":"\u00a1Nos sentimos como en casa! La historia ilustrada del barrio Jorge Eli\u00e9cer Gait\u00e1n"},"content":{"rendered":"<p><iframe style=\"border: none; width: 100%; height: 326px;\" src=\"\/\/e.issuu.com\/embed.html?d=barrio_gaitan_comic_web_&amp;u=patrimoniobogota\" allowfullscreen=\"allowfullscreen\"><\/iframe><br \/>\n<iframe style=\"border: none; width: 100%; height: 326px;\" src=\"\/\/e.issuu.com\/embed.html?d=barrio_gaitan_web_&amp;u=patrimoniobogota\" allowfullscreen=\"allowfullscreen\"><\/iframe><\/p>\n","protected":false},"excerpt":{"rendered":"<p><span style=\"font-weight: 400;\">Esta publicaci\u00f3n, que en conjunto con el libro que la acompa\u00f1a \u201cLa historia ilustrada del barrio Jorge Eli\u00e9cer Gait\u00e1n\u201d,\u00a0 nos permite -como bien lo dicen los autores- sentirnos como en casa, cuando reconocemos y hacemos p\u00fablicas otras historias y patrimonios en nuestra ciudad.\u00a0\u00a0<\/span><\/p>\n<p><span style=\"font-weight: 400;\">En 2019 y de forma paralela a las iniciativas del Plan Parcial de Renovaci\u00f3n Urbana NOA que amenazaban con una radical transformaci\u00f3n del Barrio Gait\u00e1n, Olga Luc\u00eda Casta\u00f1eda, Diana Mar\u00eda Blanco y Wilver Alexis Pacheco, fueron ganadores de la Beca de Investigaci\u00f3n Hist\u00f3rica sobre un Barrio de Bogot\u00e1, otorgada por el Instituto Distrital de Patrimonio Cultural en el marco del Programa Distrital de Est\u00edmulos. Su trabajo, centrado en el Barrio Gait\u00e1n, part\u00eda del hecho de entender el lugar, como uno de los primeros barrios obreros de la ciudad, que pasar\u00eda prontamente a convertirse en un sector destinado primordialmente al comercio en edificios de altura.\u00a0<\/span><\/p>\n<p><span style=\"font-weight: 400;\">Esta latente amenaza que implicar\u00eda el desplazamiento de varios de sus habitantes por el cambio de uso del sector, la venta de casas y la transformaci\u00f3n de tipolog\u00edas arquitect\u00f3nicas y de perfil del barrio, conllev\u00f3 a que desde la investigaci\u00f3n se entablara un interesante di\u00e1logo entre la trayectoria hist\u00f3rica del lugar y las memorias vivas de quienes a\u00fan lo habitan.\u00a0<\/span><\/p>\n<p><span style=\"font-weight: 400;\">La publicaci\u00f3n se remonta al territorio que ocup\u00f3 el Gait\u00e1n desde la colonia y luego, a los procesos de conformaci\u00f3n de haciendas, fincas y finalmente lotes que se considerar\u00edan urbanizables, a\u00fan cuando se ubicaban en una de las franjas de terreno anegadizo de la ciudad, al nor-occidente de esta.\u00a0 Tanto la amplia demanda de vivienda producto de las migraciones del campo entre los 30s y 40s y la respuesta lucrativa a esta situaci\u00f3n por parte del negocio de urbanizaci\u00f3n en Bogot\u00e1, definir\u00edan en buena medida las din\u00e1micas propias del Gait\u00e1n.\u00a0<\/span><\/p>\n<p><span style=\"font-weight: 400;\">Por una parte, sus primeros habitantes fueron campesinos que vinieron a Bogot\u00e1 en b\u00fasqueda de oportunidades que la violencia o la idea de progreso les arrebataron en sus lugares de procedencia.\u00a0 Por otra, el barrio fue constituido a partir de los lineamientos de la Secretar\u00eda de obras P\u00fablicas Municipales, por lo que las casas, muchas de ellas auto construidas, se erigieron bajo los permisos que otorgaba la oficina de barrios obreros, confiriendo una tipolog\u00eda particular al lugar, que a\u00fan se conserva.\u00a0\u00a0\u00a0<\/span><\/p>\n<p><span style=\"font-weight: 400;\">La imagen del pol\u00edtico Jorge Eli\u00e9cer Gait\u00e1n fue un referente determinante en las ideas de cambio que se anhelaban en el barrio.\u00a0 Cuando asesinaron a Gait\u00e1n en 1948, la comunidad pidi\u00f3 al Concejo de la ciudad que el barrio, llamado inicialmente La Providencia, pasara a ser denominado como lo conocemos actualmente y que adem\u00e1s se erigiera una escultura en su nombre. \u00a0 A los pocos a\u00f1os de haber sido ubicada en el coraz\u00f3n del parque central del barrio, la escultura de Gait\u00e1n fue dinamitada por la guerrilla conservadora de \u201cLos P\u00e1jaros\u201d. Sin embargo, el esp\u00edritu de organizaci\u00f3n comunitaria permiti\u00f3 que fuera restaurada y vuelta a ubicar en donde se encuentra hasta el d\u00eda de hoy.<\/span><\/p>\n<p><span style=\"font-weight: 400;\">Esa capacidad de organizaci\u00f3n interna de los habitantes del barrio a\u00fan se mantiene, lo que en el caso de esta publicaci\u00f3n permiti\u00f3 la conjunci\u00f3n de saberes con varios de los residentes a trav\u00e9s de recorridos y encuentros que permitieron dar cuenta de los v\u00ednculos que existen en el lugar respecto a la vida cotidiana, la trayectoria hist\u00f3rica del barrio y su forma urbana.<\/span><\/p>\n<p style=\"font-weight: 400;\"><strong>Autores:<\/strong>\u00a0Diana Blanco, Olga Casta\u00f1eda, Alexis Pinz\u00f3n<\/p>\n<p style=\"font-weight: 400;\"><strong>A\u00f1o<\/strong>: 2020<\/p>\n<p>&nbsp;<\/p>\n<p><a href=\"https:\/\/libreriasiglo.com\/selloeditorial\/ipc-instituto-distrital-de-patrimonio-cultural.html\"><img decoding=\"async\" class=\"alignleft wp-image-11899 size-full\" src=\"https:\/\/idpc.gov.co\/publicaciones\/wp-content\/uploads\/2020\/12\/comprar.png\" alt=\"Comprar\" width=\"158\" height=\"49\" \/><\/a><\/p>\n","protected":false},"featured_media":12283,"comment_status":"open","ping_status":"closed","template":"","meta":{"_acf_changed":false},"product_brand":[],"product_cat":[101],"product_tag":[],"class_list":{"0":"post-12278","1":"product","2":"type-product","3":"status-publish","4":"has-post-thumbnail","6":"product_cat-lugares_y_tiempos","8":"first","9":"instock","10":"shipping-taxable","11":"purchasable","12":"product-type-simple"},"acf":[],"_links":{"self":[{"href":"https:\/\/idpc.gov.co\/publicaciones\/wp-json\/wp\/v2\/product\/12278","targetHints":{"allow":["GET"]}}],"collection":[{"href":"https:\/\/idpc.gov.co\/publicaciones\/wp-json\/wp\/v2\/product"}],"about":[{"href":"https:\/\/idpc.gov.co\/publicaciones\/wp-json\/wp\/v2\/types\/product"}],"replies":[{"embeddable":true,"href":"https:\/\/idpc.gov.co\/publicaciones\/wp-json\/wp\/v2\/comments?post=12278"}],"wp:featuredmedia":[{"embeddable":true,"href":"https:\/\/idpc.gov.co\/publicaciones\/wp-json\/wp\/v2\/media\/12283"}],"wp:attachment":[{"href":"https:\/\/idpc.gov.co\/publicaciones\/wp-json\/wp\/v2\/media?parent=12278"}],"wp:term":[{"taxonomy":"product_brand","embeddable":true,"href":"https:\/\/idpc.gov.co\/publicaciones\/wp-json\/wp\/v2\/product_brand?post=12278"},{"taxonomy":"product_cat","embeddable":true,"href":"https:\/\/idpc.gov.co\/publicaciones\/wp-json\/wp\/v2\/product_cat?post=12278"},{"taxonomy":"product_tag","embeddable":true,"href":"https:\/\/idpc.gov.co\/publicaciones\/wp-json\/wp\/v2\/product_tag?post=12278"}],"curies":[{"name":"wp","href":"https:\/\/api.w.org\/{rel}","templated":true}]}}