{"id":11,"date":"2018-04-16T11:30:04","date_gmt":"2018-04-16T16:30:04","guid":{"rendered":"http:\/\/themes.laborator.co\/aurum\/bookshop\/?post_type=product&#038;p=11"},"modified":"2024-04-30T22:18:04","modified_gmt":"2024-05-01T03:18:04","slug":"the-third-plate","status":"publish","type":"product","link":"https:\/\/idpc.gov.co\/publicaciones\/producto\/the-third-plate\/","title":{"rendered":"Manuel H: Setenta a\u00f1os de reporter\u00eda gr\u00e1fica"},"content":{"rendered":"<div style=\"position: relative; padding-top: max(60%,326px); height: 0; width: 100%;\"><iframe style=\"position: absolute; border: none; width: 100%; height: 100%; left: 0; right: 0; top: 0; bottom: 0;\" src=\"https:\/\/e.issuu.com\/embed.html?d=manuel_h_baja&amp;u=patrimoniobogota\" sandbox=\"allow-top-navigation allow-top-navigation-by-user-activation allow-downloads allow-scripts allow-same-origin allow-popups allow-modals allow-popups-to-escape-sandbox\" allowfullscreen=\"allowfullscreen\"><\/iframe><\/div>\n","protected":false},"excerpt":{"rendered":"<p>Doscientas fotograf\u00edas de todas las \u00e9pocas, un art\u00edculo de Antonio Caballero y una semblanza del \u201cMaestro\u201d escrita por Cristian Valencia, tienen el prop\u00f3sito de sacar definitivamente del anonimato a Manuel H., mostrando a la luz una primera parte de la colecci\u00f3n que esconde el estudio en el segundo piso de la carrera S\u00e9ptima con calle 22 en Bogot\u00e1.<\/p>\n<p>Manuel H., reportero gr\u00e1fico del peri\u00f3dico El Tiempo desde el nueve de abril de 1948, tiene fotograf\u00edas de todos los eventos y episodios que fueron noticia en la ciudad, as\u00ed como de los protagonistas de la vida p\u00fablica y pol\u00edtica de la ciudad: alcaldes, presidentes, deportistas, famosos, artistas, reinas de belleza y toreros fueron retratados por Manuel H.<\/p>\n<p><strong>Autor:<\/strong> Instituto Distrital de Patrimonio Cultural<br \/>\n<strong>A\u00f1o:<\/strong> 2008<\/p>\n<p><a href=\"https:\/\/libreriasiglo.com\/selloeditorial\/ipc-instituto-distrital-de-patrimonio-cultural.html\"><img decoding=\"async\" class=\"alignleft wp-image-11899 size-full\" src=\"https:\/\/idpc.gov.co\/publicaciones\/wp-content\/uploads\/2020\/12\/comprar.png\" alt=\"Comprar\" width=\"158\" height=\"49\" \/><\/a><\/p>\n","protected":false},"featured_media":1372,"comment_status":"open","ping_status":"closed","template":"","meta":{"_acf_changed":false},"product_brand":[],"product_cat":[91],"product_tag":[],"class_list":{"0":"post-11","1":"product","2":"type-product","3":"status-publish","4":"has-post-thumbnail","6":"product_cat-nombres_propios","8":"first","9":"instock","10":"shipping-taxable","11":"purchasable","12":"product-type-simple"},"acf":[],"_links":{"self":[{"href":"https:\/\/idpc.gov.co\/publicaciones\/wp-json\/wp\/v2\/product\/11","targetHints":{"allow":["GET"]}}],"collection":[{"href":"https:\/\/idpc.gov.co\/publicaciones\/wp-json\/wp\/v2\/product"}],"about":[{"href":"https:\/\/idpc.gov.co\/publicaciones\/wp-json\/wp\/v2\/types\/product"}],"replies":[{"embeddable":true,"href":"https:\/\/idpc.gov.co\/publicaciones\/wp-json\/wp\/v2\/comments?post=11"}],"wp:featuredmedia":[{"embeddable":true,"href":"https:\/\/idpc.gov.co\/publicaciones\/wp-json\/wp\/v2\/media\/1372"}],"wp:attachment":[{"href":"https:\/\/idpc.gov.co\/publicaciones\/wp-json\/wp\/v2\/media?parent=11"}],"wp:term":[{"taxonomy":"product_brand","embeddable":true,"href":"https:\/\/idpc.gov.co\/publicaciones\/wp-json\/wp\/v2\/product_brand?post=11"},{"taxonomy":"product_cat","embeddable":true,"href":"https:\/\/idpc.gov.co\/publicaciones\/wp-json\/wp\/v2\/product_cat?post=11"},{"taxonomy":"product_tag","embeddable":true,"href":"https:\/\/idpc.gov.co\/publicaciones\/wp-json\/wp\/v2\/product_tag?post=11"}],"curies":[{"name":"wp","href":"https:\/\/api.w.org\/{rel}","templated":true}]}}