{"id":1098,"date":"2018-03-30T12:05:11","date_gmt":"2018-03-30T17:05:11","guid":{"rendered":"https:\/\/idpc.gov.co\/publicaciones\/?post_type=product&#038;p=1098"},"modified":"2024-04-30T22:34:42","modified_gmt":"2024-05-01T03:34:42","slug":"fray-domingo-de-petres-en-el-nuevo-reino-de-granada-2","status":"publish","type":"product","link":"https:\/\/idpc.gov.co\/publicaciones\/producto\/fray-domingo-de-petres-en-el-nuevo-reino-de-granada-2\/","title":{"rendered":"Fray Domingo de Petr\u00e9s en el Nuevo Reino de Granada"},"content":{"rendered":"<div style=\"position: relative; padding-top: max(60%,326px); height: 0; width: 100%;\"><iframe style=\"position: absolute; border: none; width: 100%; height: 100%; left: 0; right: 0; top: 0; bottom: 0;\" src=\"https:\/\/e.issuu.com\/embed.html?d=fray_domingo_de_petr__s_en_el_nuevo&amp;u=patrimoniobogota\" sandbox=\"allow-top-navigation allow-top-navigation-by-user-activation allow-downloads allow-scripts allow-same-origin allow-popups allow-modals allow-popups-to-escape-sandbox\" allowfullscreen=\"allowfullscreen\"><\/iframe><\/div>\n","protected":false},"excerpt":{"rendered":"<p><span style=\"color: #000000;\">Dos siglos se cumplieron de la muerte del primer arquitecto que lleg\u00f3\u00a0al territorio de la actual Colombia. Las obras que emprendi\u00f3 Fray\u00a0Domingo, un capuchino espa\u00f1ol que naci\u00f3 en 1759 en la peque\u00f1a\u00a0poblaci\u00f3n de Petr\u00e9s, cerca de Valencia, y muri\u00f3 en Santaf\u00e9 en 1811,\u00a0no s\u00f3lo sobrevivieron al paso del tiempo y los cambios contundentes\u00a0que desde lo pol\u00edtico, lo administrativo, lo econ\u00f3mico y lo social se\u00a0presentaron durante los casi 20 a\u00f1os que vivi\u00f3 en la Nueva Granada,\u00a0sino que fueron el referente arquitect\u00f3nico m\u00e1s importante para el\u00a0pensamiento que surgi\u00f3 con el nacimiento de la nueva Rep\u00fablica.<\/span><\/p>\n<p><strong>Autor<\/strong>: Varios \/Instituto Distrital de Patrimonio Cultural<br \/>\n<strong>A\u00f1o:<\/strong> 2012<\/p>\n","protected":false},"featured_media":693,"comment_status":"open","ping_status":"closed","template":"","meta":{"_acf_changed":false},"product_brand":[],"product_cat":[102],"product_tag":[],"class_list":{"0":"post-1098","1":"product","2":"type-product","3":"status-publish","4":"has-post-thumbnail","6":"product_cat-exploraciones_y_recorridos","8":"first","9":"instock","10":"shipping-taxable","11":"purchasable","12":"product-type-simple"},"acf":[],"_links":{"self":[{"href":"https:\/\/idpc.gov.co\/publicaciones\/wp-json\/wp\/v2\/product\/1098","targetHints":{"allow":["GET"]}}],"collection":[{"href":"https:\/\/idpc.gov.co\/publicaciones\/wp-json\/wp\/v2\/product"}],"about":[{"href":"https:\/\/idpc.gov.co\/publicaciones\/wp-json\/wp\/v2\/types\/product"}],"replies":[{"embeddable":true,"href":"https:\/\/idpc.gov.co\/publicaciones\/wp-json\/wp\/v2\/comments?post=1098"}],"wp:featuredmedia":[{"embeddable":true,"href":"https:\/\/idpc.gov.co\/publicaciones\/wp-json\/wp\/v2\/media\/693"}],"wp:attachment":[{"href":"https:\/\/idpc.gov.co\/publicaciones\/wp-json\/wp\/v2\/media?parent=1098"}],"wp:term":[{"taxonomy":"product_brand","embeddable":true,"href":"https:\/\/idpc.gov.co\/publicaciones\/wp-json\/wp\/v2\/product_brand?post=1098"},{"taxonomy":"product_cat","embeddable":true,"href":"https:\/\/idpc.gov.co\/publicaciones\/wp-json\/wp\/v2\/product_cat?post=1098"},{"taxonomy":"product_tag","embeddable":true,"href":"https:\/\/idpc.gov.co\/publicaciones\/wp-json\/wp\/v2\/product_tag?post=1098"}],"curies":[{"name":"wp","href":"https:\/\/api.w.org\/{rel}","templated":true}]}}