{"id":1087,"date":"2018-05-08T03:41:51","date_gmt":"2018-05-08T08:41:51","guid":{"rendered":"https:\/\/idpc.gov.co\/publicaciones\/?post_type=product&#038;p=1087"},"modified":"2024-04-30T22:10:16","modified_gmt":"2024-05-01T03:10:16","slug":"bogota-proyecta-futuro-1","status":"publish","type":"product","link":"https:\/\/idpc.gov.co\/publicaciones\/producto\/bogota-proyecta-futuro-1\/","title":{"rendered":"Bogot\u00e1 Proyecta Futuro"},"content":{"rendered":"<p><iframe style=\"border: none; width: 100%; height: 326px;\" src=\"\/\/e.issuu.com\/embed.html?d=bogota___proyecta_futuroesp_web__1_&amp;u=patrimoniobogota\" allowfullscreen=\"allowfullscreen\"><\/iframe><\/p>\n","protected":false},"excerpt":{"rendered":"<p>En el marco del A\u00f1o Colombia-Francia 2017, este cat\u00e1logo y la exposici\u00f3n de donde se deriva, son el resultado de la invitaci\u00f3n a Bogot\u00e1 para participar en la Bienal \u00c1gora de urbanismo, arquitectura y dise\u00f1o de Burdeos (Francia) para presentar all\u00ed una mirada innovadora y vanguardista de ciudad, a la par con otras urbes en el mundo. La exposici\u00f3n fue admirada por m\u00e1s de 10.000 visitantes entre el 15 y el 30 de septiembre de este a\u00f1o, en simult\u00e1nea con el montaje en el Museo de Bogot\u00e1 entre los meses de septiembre de 2017 y enero de 2018. Bajo el lema de la Bienal \u201cPaisaje en progreso. Paisaje en movimiento\u201d, y a trav\u00e9s de cartograf\u00edas interactivas, paisajes sonoros, fotograf\u00edas, videos y planimetr\u00edas, Bogot\u00e1 expuso cuatro grandes ejes como camino de la transformaci\u00f3n: el desarrollo urbano formulado a partir de la valoraci\u00f3n y protecci\u00f3n del patrimonio ambiental, el espacio p\u00fablico y la obra p\u00fablica como escenarios democr\u00e1ticos para construir comunidad, la infraestructura para la movilidad sostenible, privilegiando a quienes utilizan sistemas de uso p\u00fablico, a los peatones y los usuarios de la bicicleta, las estrategias de expansi\u00f3n y renovaci\u00f3n urbana a partir de las din\u00e1micas de la ciudad, aportando a una mejor calidad de vida.<\/p>\n<p>La publicaci\u00f3n recoge un conjunto de proyectos que apunta a nuevos colegios, hospitales, parques, centros culturales y deportivos, ciclorrutas y espacios que invitan a caminar, viviendas dignas y eficientes sistemas de transporte masivo, barrios desmarginalizados y un centro hist\u00f3rico recuperado, monta\u00f1as y cursos de agua para el disfrute de todos.<br \/>\nEl Instituto Distrital de Patrimonio Cultural, a trav\u00e9s del museo de la ciudad, ha hecho las veces de \u2018editor\u2019 de este proyecto al recopilar y disponer de forma integral y en un solo lugar el trabajo conjunto de las distintas entidades distritales que adelantan las propuestas y las obras que conducir\u00e1n a la transformaci\u00f3n positiva de la capital para las pr\u00f3ximas d\u00e9cadas. Aqu\u00ed y en Burdeos, el Museo de Bogot\u00e1 se convierte m\u00e1s que nunca en el espacio para reflexionar sobre los grandes temas urbanos y sociales.<\/p>\n<p><strong>Autor: <\/strong>Instituto Distrital de Patrimonio Cultural<br \/>\n<strong>A\u00f1o:<\/strong> 2017<\/p>\n<p>&nbsp;<\/p>\n<p><a href=\"https:\/\/idpc.gov.co\/publicaciones\/descargas\/bpf.pdf\"><img decoding=\"async\" class=\"alignleft wp-image-11737 size-full\" src=\"https:\/\/idpc.gov.co\/publicaciones\/wp-content\/uploads\/2019\/03\/descargar115.png\" alt=\"\" width=\"158\" height=\"49\" \/><\/a><\/p>\n<p><strong>L<\/strong><strong>icencia de Creative Commons: Atribuci\u00f3n\u00a0\u2013 No comercial\u00a0\u2013\u00a0Sin Derivar.\u00a0Esta licencia solo permite la descarga de esta obra para compartirla con otras personas, siempre y cuando se reconozca su autor\u00eda. La obra no se puede modificar de ninguna manera, ni se puede utilizar comercialmente.<\/strong><\/p>\n","protected":false},"featured_media":759,"comment_status":"open","ping_status":"closed","template":"","meta":{"_acf_changed":false},"product_brand":[],"product_cat":[105,103],"product_tag":[],"class_list":{"0":"post-1087","1":"product","2":"type-product","3":"status-publish","4":"has-post-thumbnail","6":"product_cat-memorias_museo","7":"product_cat-proyecciones_y_apuestas","9":"first","10":"instock","11":"shipping-taxable","12":"purchasable","13":"product-type-simple"},"acf":[],"_links":{"self":[{"href":"https:\/\/idpc.gov.co\/publicaciones\/wp-json\/wp\/v2\/product\/1087","targetHints":{"allow":["GET"]}}],"collection":[{"href":"https:\/\/idpc.gov.co\/publicaciones\/wp-json\/wp\/v2\/product"}],"about":[{"href":"https:\/\/idpc.gov.co\/publicaciones\/wp-json\/wp\/v2\/types\/product"}],"replies":[{"embeddable":true,"href":"https:\/\/idpc.gov.co\/publicaciones\/wp-json\/wp\/v2\/comments?post=1087"}],"wp:featuredmedia":[{"embeddable":true,"href":"https:\/\/idpc.gov.co\/publicaciones\/wp-json\/wp\/v2\/media\/759"}],"wp:attachment":[{"href":"https:\/\/idpc.gov.co\/publicaciones\/wp-json\/wp\/v2\/media?parent=1087"}],"wp:term":[{"taxonomy":"product_brand","embeddable":true,"href":"https:\/\/idpc.gov.co\/publicaciones\/wp-json\/wp\/v2\/product_brand?post=1087"},{"taxonomy":"product_cat","embeddable":true,"href":"https:\/\/idpc.gov.co\/publicaciones\/wp-json\/wp\/v2\/product_cat?post=1087"},{"taxonomy":"product_tag","embeddable":true,"href":"https:\/\/idpc.gov.co\/publicaciones\/wp-json\/wp\/v2\/product_tag?post=1087"}],"curies":[{"name":"wp","href":"https:\/\/api.w.org\/{rel}","templated":true}]}}