{"id":1085,"date":"2018-05-01T12:17:29","date_gmt":"2018-05-01T17:17:29","guid":{"rendered":"https:\/\/idpc.gov.co\/publicaciones\/?post_type=product&#038;p=1085"},"modified":"2024-04-30T22:14:52","modified_gmt":"2024-05-01T03:14:52","slug":"german-samper-a-dibujar-se-aprende-dibujando-2","status":"publish","type":"product","link":"https:\/\/idpc.gov.co\/publicaciones\/producto\/german-samper-a-dibujar-se-aprende-dibujando-2\/","title":{"rendered":"Germ\u00e1n Samper. A dibujar se aprende dibujando"},"content":{"rendered":"<div style=\"position: relative; padding-top: max(60%,326px); height: 0; width: 100%;\"><iframe style=\"position: absolute; border: none; width: 100%; height: 100%; left: 0; right: 0; top: 0; bottom: 0;\" src=\"https:\/\/e.issuu.com\/embed.html?d=gs_portada_web-issu&amp;u=patrimoniobogota\" sandbox=\"allow-top-navigation allow-top-navigation-by-user-activation allow-downloads allow-scripts allow-same-origin allow-popups allow-modals allow-popups-to-escape-sandbox\" allowfullscreen=\"allowfullscreen\"><\/iframe><\/div>\n","protected":false},"excerpt":{"rendered":"<p>Esta publicaci\u00f3n aborda una retrospectiva de los apuntes y croquis de viaje de Germ\u00e1n Samper, uno de los arquitectos colombianos m\u00e1s reconocidos nacional e internacionalmente, autor de emblem\u00e1ticas edificaciones y conjuntos modernos de la capital y del pa\u00eds, varios de las cuales han sido ya declarados como Bienes de Inter\u00e9s Cultural. Es el caso del edificio Avianca, el Museo del Oro, la Sala de Conciertos de la Biblioteca Luis \u00c1ngel Arango, el edificio del SENA o la Ciudadela Colsubsidio, obras que han contribuido a forjar buena parte de la identidad de Bogot\u00e1.<\/p>\n<p>Germ\u00e1n Samper es mucho m\u00e1s que un gran arquitecto moderno. Es ante todo un humanista, en el sentido m\u00e1s amplio del t\u00e9rmino. A la manera de los grandes artistas del Renacimiento italiano, Germ\u00e1n es\u00a0 urbanista, pensador, m\u00fasico y tambi\u00e9n un artista, un dibujante como pocos.\u00a0 Sus dibujos son parte de su m\u00e9todo de estudio, en donde sus dibujos comprenden una manera de entender y recorrer los espacios, las ciudades y el mundo.<\/p>\n<p><strong>Autor:<\/strong> Instituto Distrital de Patrimonio Cultural<br \/>\n<strong>A\u00f1o:<\/strong> 2016<\/p>\n","protected":false},"featured_media":1364,"comment_status":"open","ping_status":"closed","template":"","meta":{"_acf_changed":false},"product_brand":[],"product_cat":[105,91],"product_tag":[],"class_list":{"0":"post-1085","1":"product","2":"type-product","3":"status-publish","4":"has-post-thumbnail","6":"product_cat-memorias_museo","7":"product_cat-nombres_propios","9":"first","10":"instock","11":"shipping-taxable","12":"purchasable","13":"product-type-simple"},"acf":[],"_links":{"self":[{"href":"https:\/\/idpc.gov.co\/publicaciones\/wp-json\/wp\/v2\/product\/1085","targetHints":{"allow":["GET"]}}],"collection":[{"href":"https:\/\/idpc.gov.co\/publicaciones\/wp-json\/wp\/v2\/product"}],"about":[{"href":"https:\/\/idpc.gov.co\/publicaciones\/wp-json\/wp\/v2\/types\/product"}],"replies":[{"embeddable":true,"href":"https:\/\/idpc.gov.co\/publicaciones\/wp-json\/wp\/v2\/comments?post=1085"}],"wp:featuredmedia":[{"embeddable":true,"href":"https:\/\/idpc.gov.co\/publicaciones\/wp-json\/wp\/v2\/media\/1364"}],"wp:attachment":[{"href":"https:\/\/idpc.gov.co\/publicaciones\/wp-json\/wp\/v2\/media?parent=1085"}],"wp:term":[{"taxonomy":"product_brand","embeddable":true,"href":"https:\/\/idpc.gov.co\/publicaciones\/wp-json\/wp\/v2\/product_brand?post=1085"},{"taxonomy":"product_cat","embeddable":true,"href":"https:\/\/idpc.gov.co\/publicaciones\/wp-json\/wp\/v2\/product_cat?post=1085"},{"taxonomy":"product_tag","embeddable":true,"href":"https:\/\/idpc.gov.co\/publicaciones\/wp-json\/wp\/v2\/product_tag?post=1085"}],"curies":[{"name":"wp","href":"https:\/\/api.w.org\/{rel}","templated":true}]}}