{"id":1080,"date":"2019-06-22T01:59:17","date_gmt":"2019-06-22T06:59:17","guid":{"rendered":"https:\/\/idpc.gov.co\/publicaciones\/?post_type=product&#038;p=1080"},"modified":"2024-04-30T22:31:48","modified_gmt":"2024-05-01T03:31:48","slug":"a-pie-por-engativa-y-barrios-unidos","status":"publish","type":"product","link":"https:\/\/idpc.gov.co\/publicaciones\/producto\/a-pie-por-engativa-y-barrios-unidos\/","title":{"rendered":"A pie por Engativ\u00e1 y Barrios Unidos"},"content":{"rendered":"<p><iframe style=\"border: none; width: 100%; height: 326px;\" src=\"\/\/e.issuu.com\/embed.html?d=3_a_pie_eybu_screen_2010_web&amp;u=patrimoniobogota\" allowfullscreen=\"allowfullscreen\"><span data-mce-type=\"bookmark\" style=\"display: inline-block; width: 0px; overflow: hidden; line-height: 0;\" class=\"mce_SELRES_start\">\ufeff<\/span><\/iframe><\/p>\n","protected":false},"excerpt":{"rendered":"<p>Barrios Unidos y Engativ\u00e1<br \/>\nEn el marco del programa Patrimonios Locales, el IDPC ha realizado importantes avances en la identificaci\u00f3n del Patrimonio Cultural Inmaterial (PCI) presente en las localidades de Bogot\u00e1 a trav\u00e9s de procesos de investigaci\u00f3n participativa y colaborativa. Producto de este esfuerzo colectivo se desarroll\u00f3 la cartilla A pie por Engativ\u00e1 y Barrios Unidos, en donde se recogen, desde las voces de diversos actores de las localidades, las investigaciones adelantadas por los participantes del proceso en torno a algunas manifestaciones patrimoniales y temas relevantes de la memoria local en 2018 y 2019. Todo ello con el acompa\u00f1amiento del equipo de PCI del IDPC.<\/p>\n<p>Esta cartilla recoge los procesos de investigaci\u00f3n adelantados por los participantes del proceso en torno a manifestaciones patrimoniales asociadas a las pr\u00e1cticas agroecol\u00f3gicas tradicionales, la cultura culinaria local, el comercio tradicional en plazas de mercado y las pr\u00e1cticas de culto en los cementerios. As\u00ed mismo, se compilan memorias del territorio construidas en el andar y asociadas a los cuerpos de agua que componen los humedales, los procesos de autoconstrucci\u00f3n de vivienda y conformaci\u00f3n de algunos barrios a partir de la autogesti\u00f3n y la organizaci\u00f3n comunitaria, como parte del fundamento y tejido social de Engativ\u00e1 y Barrios Unidos. Esta cartilla constituye una evidencia de que es posible construir conocimiento colectivo con la ciudadan\u00eda.<\/p>\n<p><strong>Autor:<\/strong> Participantes programa patrimonios locales-IDPC<br \/>\n<strong>A\u00f1o:<\/strong> 2019<\/p>\n<p><a href=\"https:\/\/idpc.gov.co\/publicaciones\/descargas\/engativa.pdf\"><img decoding=\"async\" class=\"alignleft wp-image-11737 size-full\" src=\"https:\/\/idpc.gov.co\/publicaciones\/wp-content\/uploads\/2019\/03\/descargar115.png\" alt=\"\" width=\"158\" height=\"49\" \/><\/a><\/p>\n<p><strong>L<\/strong><strong>icencia de Creative Commons: Atribuci\u00f3n\u00a0\u2013 No comercial\u00a0\u2013\u00a0Sin Derivar.\u00a0Esta licencia solo permite la descarga de esta obra para compartirla con otras personas, siempre y cuando se reconozca su autor\u00eda. La obra no se puede modificar de ninguna manera, ni se puede utilizar comercialmente.<\/strong><\/p>\n","protected":false},"featured_media":1510,"comment_status":"open","ping_status":"closed","template":"","meta":{"_acf_changed":false},"product_brand":[],"product_cat":[104,101],"product_tag":[],"class_list":{"0":"post-1080","1":"product","2":"type-product","3":"status-publish","4":"has-post-thumbnail","6":"product_cat-expresiones_y_agencias","7":"product_cat-lugares_y_tiempos","9":"first","10":"instock","11":"shipping-taxable","12":"product-type-external"},"acf":[],"_links":{"self":[{"href":"https:\/\/idpc.gov.co\/publicaciones\/wp-json\/wp\/v2\/product\/1080","targetHints":{"allow":["GET"]}}],"collection":[{"href":"https:\/\/idpc.gov.co\/publicaciones\/wp-json\/wp\/v2\/product"}],"about":[{"href":"https:\/\/idpc.gov.co\/publicaciones\/wp-json\/wp\/v2\/types\/product"}],"replies":[{"embeddable":true,"href":"https:\/\/idpc.gov.co\/publicaciones\/wp-json\/wp\/v2\/comments?post=1080"}],"wp:featuredmedia":[{"embeddable":true,"href":"https:\/\/idpc.gov.co\/publicaciones\/wp-json\/wp\/v2\/media\/1510"}],"wp:attachment":[{"href":"https:\/\/idpc.gov.co\/publicaciones\/wp-json\/wp\/v2\/media?parent=1080"}],"wp:term":[{"taxonomy":"product_brand","embeddable":true,"href":"https:\/\/idpc.gov.co\/publicaciones\/wp-json\/wp\/v2\/product_brand?post=1080"},{"taxonomy":"product_cat","embeddable":true,"href":"https:\/\/idpc.gov.co\/publicaciones\/wp-json\/wp\/v2\/product_cat?post=1080"},{"taxonomy":"product_tag","embeddable":true,"href":"https:\/\/idpc.gov.co\/publicaciones\/wp-json\/wp\/v2\/product_tag?post=1080"}],"curies":[{"name":"wp","href":"https:\/\/api.w.org\/{rel}","templated":true}]}}