{"id":1078,"date":"2019-05-21T01:46:42","date_gmt":"2019-05-21T06:46:42","guid":{"rendered":"https:\/\/idpc.gov.co\/publicaciones\/?post_type=product&#038;p=1078"},"modified":"2024-04-30T22:31:45","modified_gmt":"2024-05-01T03:31:45","slug":"espejos-de-agua-espejos-de-tiempo-los-caminos-de-occidente","status":"publish","type":"product","link":"https:\/\/idpc.gov.co\/publicaciones\/producto\/espejos-de-agua-espejos-de-tiempo-los-caminos-de-occidente\/","title":{"rendered":"Espejos de agua, espejos de tiempo\u2026 los caminos de occidente"},"content":{"rendered":"<p><iframe style=\"border: none; width: 100%; height: 326px;\" src=\"\/\/e.issuu.com\/embed.html?d=2_espejos_fyk_screen_2020_web&amp;u=patrimoniobogota\" allowfullscreen=\"allowfullscreen\"><\/iframe><\/p>\n","protected":false},"excerpt":{"rendered":"<p>Fontib\u00f3n y Kennedy<\/p>\n<p>En el marco del programa Patrimonios Locales, el IDPC ha realizado importantes avances en la identificaci\u00f3n del Patrimonio Cultural Inmaterial (PCI) presente en las localidades de Bogot\u00e1 a trav\u00e9s de procesos de investigaci\u00f3n participativa y colaborativa. Producto de este esfuerzo colectivo se desarroll\u00f3 la cartilla Espejos de agua, espejos del tiempo\u2026 los caminos del occidente, en donde se recogen, desde las voces de diversos actores de las localidades de Fontib\u00f3n y Kennedy, las investigaciones adelantadas por los participantes del proceso en torno a algunas manifestaciones patrimoniales y temas relevantes de la memoria local en 2018 y 2019. Todo ello con el acompa\u00f1amiento del equipo de PCI del IDPC.<\/p>\n<p>En esta cartilla se recogen relatos diversos sobre la memoria local y los conocimientos sobre temas como la cultura culinaria en torno al ma\u00edz, las pr\u00e1cticas de agricultura urbana, el conocimiento de la naturaleza, el lenguaje y la tradici\u00f3n oral, as\u00ed como temas de memoria local asociados al sistema h\u00eddrico que conecta las cuencas de los r\u00edos Fucha y Bogot\u00e1. A trav\u00e9s de relatos personales y voces diversas, se explora igualmente la huella de procesos inmigratorios y de organizaci\u00f3n social, conflicto armado y personajes emblem\u00e1ticos en el territorio. Las pr\u00e1cticas, memorias, conocimientos y relatos de las comunidades de Fontib\u00f3n y Kennedy o Techotiba \u2014nuestro lago\u2014 fueron plasmadas en esta publicaci\u00f3n como evidencia de que es posible construir conocimiento colectivo con la ciudadan\u00eda.<\/p>\n<p><strong>Autor:<\/strong> Participantes programa patrimonios locales-IDPC<br \/>\n<strong>A\u00f1o:<\/strong> 2019<\/p>\n<p><a href=\"https:\/\/idpc.gov.co\/publicaciones\/descargas\/espejos.pdf\"><img decoding=\"async\" class=\"alignleft wp-image-11737 size-full\" src=\"https:\/\/idpc.gov.co\/publicaciones\/wp-content\/uploads\/2019\/03\/descargar115.png\" alt=\"\" width=\"158\" height=\"49\" \/><\/a><\/p>\n<p><strong>L<\/strong><strong>icencia de Creative Commons: Atribuci\u00f3n\u00a0\u2013 No comercial\u00a0\u2013\u00a0Sin Derivar.\u00a0Esta licencia solo permite la descarga de esta obra para compartirla con otras personas, siempre y cuando se reconozca su autor\u00eda. La obra no se puede modificar de ninguna manera, ni se puede utilizar comercialmente.<\/strong><\/p>\n","protected":false},"featured_media":1512,"comment_status":"open","ping_status":"closed","template":"","meta":{"_acf_changed":false},"product_brand":[],"product_cat":[104,101],"product_tag":[],"class_list":{"0":"post-1078","1":"product","2":"type-product","3":"status-publish","4":"has-post-thumbnail","6":"product_cat-expresiones_y_agencias","7":"product_cat-lugares_y_tiempos","9":"first","10":"instock","11":"shipping-taxable","12":"product-type-external"},"acf":[],"_links":{"self":[{"href":"https:\/\/idpc.gov.co\/publicaciones\/wp-json\/wp\/v2\/product\/1078","targetHints":{"allow":["GET"]}}],"collection":[{"href":"https:\/\/idpc.gov.co\/publicaciones\/wp-json\/wp\/v2\/product"}],"about":[{"href":"https:\/\/idpc.gov.co\/publicaciones\/wp-json\/wp\/v2\/types\/product"}],"replies":[{"embeddable":true,"href":"https:\/\/idpc.gov.co\/publicaciones\/wp-json\/wp\/v2\/comments?post=1078"}],"wp:featuredmedia":[{"embeddable":true,"href":"https:\/\/idpc.gov.co\/publicaciones\/wp-json\/wp\/v2\/media\/1512"}],"wp:attachment":[{"href":"https:\/\/idpc.gov.co\/publicaciones\/wp-json\/wp\/v2\/media?parent=1078"}],"wp:term":[{"taxonomy":"product_brand","embeddable":true,"href":"https:\/\/idpc.gov.co\/publicaciones\/wp-json\/wp\/v2\/product_brand?post=1078"},{"taxonomy":"product_cat","embeddable":true,"href":"https:\/\/idpc.gov.co\/publicaciones\/wp-json\/wp\/v2\/product_cat?post=1078"},{"taxonomy":"product_tag","embeddable":true,"href":"https:\/\/idpc.gov.co\/publicaciones\/wp-json\/wp\/v2\/product_tag?post=1078"}],"curies":[{"name":"wp","href":"https:\/\/api.w.org\/{rel}","templated":true}]}}