{"id":1076,"date":"2019-04-20T01:38:45","date_gmt":"2019-04-20T06:38:45","guid":{"rendered":"https:\/\/idpc.gov.co\/publicaciones\/?post_type=product&#038;p=1076"},"modified":"2024-04-30T22:31:42","modified_gmt":"2024-05-01T03:31:42","slug":"aguas-andanzas-y-relatos-en-fucha","status":"publish","type":"product","link":"https:\/\/idpc.gov.co\/publicaciones\/producto\/aguas-andanzas-y-relatos-en-fucha\/","title":{"rendered":"\u00a1\u00a1\u00a1AGUAS!!! Andanzas y relatos en territorio Fucha"},"content":{"rendered":"<p><iframe style=\"border: none; width: 100%; height: 326px;\" src=\"\/\/e.issuu.com\/embed.html?d=1_aguas_scyan_screen_2020_web_compressed&amp;u=patrimoniobogota\" allowfullscreen=\"allowfullscreen\"><\/iframe><\/p>\n","protected":false},"excerpt":{"rendered":"<p>San Crist\u00f3bal y Antonio Nari\u00f1o<br \/>\nEn el marco del programa Patrimonios Locales, el IDPC ha realizado importantes avances en la identificaci\u00f3n del Patrimonio Cultural Inmaterial (PCI) presente en las localidades de Bogot\u00e1 a trav\u00e9s de procesos de investigaci\u00f3n participativa y colaborativa. Producto de este esfuerzo colectivo se desarroll\u00f3 la cartilla \u00a1\u00a1\u00a1Aguas!!! Andanzas y relatos en territorio Fucha en donde se recogen, desde las voces de diversos actores de las localidades de San Crist\u00f3bal y Antonio Nari\u00f1o, las investigaciones adelantadas por los participantes del proceso en torno a algunas manifestaciones patrimoniales y temas relevantes de la memoria local en 2018 y 2019. Todo ello con el acompa\u00f1amiento del equipo de PCI del IDPC.<\/p>\n<p>En esta cartilla se recogen relatos en torno de la cuenca del r\u00edo Fucha, experiencias locales de agricultura urbana y conocimientos tradicionales relacionados con los oficios del cuero y el vidrio; se destaca tambi\u00e9n la tradici\u00f3n de culto al Divino Ni\u00f1o Jes\u00fas del barrio 20 de julio, as\u00ed como el mercado campesino del mismo sector, todos estos ejemplos de las pr\u00e1cticas culturales heredadas y de la memoria local. La publicaci\u00f3n presenta igualmente una \u201cruta del sabor local\u201d, visibilizando los restaurantes tradicionales de Antonio Nari\u00f1o, junto a un recorrido por la memoria de los barrios Policarpa y Villa Javier. Estos hallazgos de investigaci\u00f3n han sido plasmados de forma creativa por los participantes de las comunidades de Antonio Nari\u00f1o y San Crist\u00f3bal, como muestra de que es posible construir conocimiento colectivo con la ciudadan\u00eda.<\/p>\n<p><strong>Autor:<\/strong> Participantes programa patrimonios locales-IDPC<br \/>\n<strong>A\u00f1o:<\/strong> 2019<\/p>\n<p><a href=\"https:\/\/idpc.gov.co\/publicaciones\/descargas\/aguas.pdf\"><img decoding=\"async\" class=\"alignleft wp-image-11737 size-full\" src=\"https:\/\/idpc.gov.co\/publicaciones\/wp-content\/uploads\/2019\/03\/descargar115.png\" alt=\"\" width=\"158\" height=\"49\" \/><\/a><\/p>\n<p><strong>L<\/strong><strong>icencia de Creative Commons: Atribuci\u00f3n\u00a0\u2013 No comercial\u00a0\u2013\u00a0Sin Derivar.\u00a0Esta licencia solo permite la descarga de esta obra para compartirla con otras personas, siempre y cuando se reconozca su autor\u00eda. La obra no se puede modificar de ninguna manera, ni se puede utilizar comercialmente.<\/strong><\/p>\n","protected":false},"featured_media":1513,"comment_status":"open","ping_status":"closed","template":"","meta":{"_acf_changed":false},"product_brand":[],"product_cat":[104,101],"product_tag":[],"class_list":{"0":"post-1076","1":"product","2":"type-product","3":"status-publish","4":"has-post-thumbnail","6":"product_cat-expresiones_y_agencias","7":"product_cat-lugares_y_tiempos","9":"first","10":"instock","11":"shipping-taxable","12":"product-type-external"},"acf":[],"_links":{"self":[{"href":"https:\/\/idpc.gov.co\/publicaciones\/wp-json\/wp\/v2\/product\/1076","targetHints":{"allow":["GET"]}}],"collection":[{"href":"https:\/\/idpc.gov.co\/publicaciones\/wp-json\/wp\/v2\/product"}],"about":[{"href":"https:\/\/idpc.gov.co\/publicaciones\/wp-json\/wp\/v2\/types\/product"}],"replies":[{"embeddable":true,"href":"https:\/\/idpc.gov.co\/publicaciones\/wp-json\/wp\/v2\/comments?post=1076"}],"wp:featuredmedia":[{"embeddable":true,"href":"https:\/\/idpc.gov.co\/publicaciones\/wp-json\/wp\/v2\/media\/1513"}],"wp:attachment":[{"href":"https:\/\/idpc.gov.co\/publicaciones\/wp-json\/wp\/v2\/media?parent=1076"}],"wp:term":[{"taxonomy":"product_brand","embeddable":true,"href":"https:\/\/idpc.gov.co\/publicaciones\/wp-json\/wp\/v2\/product_brand?post=1076"},{"taxonomy":"product_cat","embeddable":true,"href":"https:\/\/idpc.gov.co\/publicaciones\/wp-json\/wp\/v2\/product_cat?post=1076"},{"taxonomy":"product_tag","embeddable":true,"href":"https:\/\/idpc.gov.co\/publicaciones\/wp-json\/wp\/v2\/product_tag?post=1076"}],"curies":[{"name":"wp","href":"https:\/\/api.w.org\/{rel}","templated":true}]}}