{"id":1074,"date":"2018-05-18T14:11:32","date_gmt":"2018-05-18T19:11:32","guid":{"rendered":"https:\/\/idpc.gov.co\/publicaciones\/?post_type=product&#038;p=1074"},"modified":"2024-04-30T22:10:29","modified_gmt":"2024-05-01T03:10:29","slug":"fomento-al-patrimonio-cultural-bogotano-iniciativas-proyectos-y-procesos-de-los-habitantes-de-bogota","status":"publish","type":"product","link":"https:\/\/idpc.gov.co\/publicaciones\/producto\/fomento-al-patrimonio-cultural-bogotano-iniciativas-proyectos-y-procesos-de-los-habitantes-de-bogota\/","title":{"rendered":"Fomento al patrimonio cultural bogotano. Iniciativas, proyectos y procesos de los habitantes de Bogot\u00e1"},"content":{"rendered":"<p><iframe style=\"border: none; width: 100%; height: 326px;\" src=\"\/\/e.issuu.com\/embed.html?d=el_fomento_al_patrimonio_cultural_bogotano_web&amp;u=patrimoniobogota\" allowfullscreen=\"allowfullscreen\"><\/iframe><\/p>\n","protected":false},"excerpt":{"rendered":"<p>Hablar de fomento al patrimonio en t\u00e9rminos de pol\u00edtica cultural pone de manifiesto varios retos y un alto compromiso, pues m\u00e1s all\u00e1 de definir una oferta de convocatorias p\u00fablicas a trav\u00e9s de los programas de est\u00edmulos o apoyos para los interesados en desarrollar proyectos en este campo, el inter\u00e9s desde el Instituto Distrital de Patrimonio Cultural (IDPC) fue proponer una agenda tem\u00e1tica para el cuatrienio 2016-2019, promoviendo la interpretaci\u00f3n, la producci\u00f3n de conocimiento y la difusi\u00f3n de los distintos patrimonios presentes en la ciudad. Esa interpelaci\u00f3n del patrimonio cultural no es entonces una labor exclusiva de la institucionalidad, sino que se convierte en una elaboraci\u00f3n conjunta con quienes en su d\u00eda a d\u00eda se dedican a darle valor, a cuidarlo, portarlo, transmitirlo, salvaguardarlo, conservarlo y protegerlo, pues sabemos que esta es la mejor forma de llegar a un territorio y a los ciudadanos para activar las pr\u00e1cticas culturales.<\/p>\n<p>El sector cultura, recreaci\u00f3n y deporte del Distrito se ha articulado en funci\u00f3n de definir los lineamientos de fomento que enmarcan los mecanismos de participaci\u00f3n democr\u00e1tica y de acceso a los recursos, mediante los cuales se promueven los proyectos de los agentes del \u00e1mbito cultural. A trav\u00e9s del Programa Distrital de Est\u00edmulos y el Programa Distrital de Apoyos Concertados, cada entidad del sector, de acuerdo a su misi\u00f3n, define un portafolio de convocatorias para garantizar el desarrollo de dichas iniciativas.<\/p>\n<p>En ese sentido, la apuesta del IDPC fue poner en el centro del fomento la creatividad, como elemento dinamizador de las iniciativas de los colectivos, organizaciones y personas, favoreciendo su autonom\u00eda y creando las condiciones para involucrar las nuevas maneras de apropiarse del patrimonio cultural, mediante el uso de las nuevas tecnolog\u00edas, la fotograf\u00eda y el dibujo, pero consolidando la investigaci\u00f3n como una de las l\u00edneas estrat\u00e9gicas m\u00e1s fuertes, amplificando la polifon\u00eda de los grupos \u00e9tnicos presentes en el contexto urbano de Bogot\u00e1.<\/p>\n<p><strong>Autora:<\/strong> Liliana Pamplona-IDPC<br \/>\n<strong>A\u00f1o:<\/strong> 2019<\/p>\n<p>&nbsp;<\/p>\n<p><a href=\"https:\/\/idpc.gov.co\/publicaciones\/descargas\/fomento_patrimonio.pdf\"><img decoding=\"async\" class=\"alignleft wp-image-11737 size-full\" src=\"https:\/\/idpc.gov.co\/publicaciones\/wp-content\/uploads\/2019\/03\/descargar115.png\" alt=\"\" width=\"158\" height=\"49\" \/><\/a><\/p>\n<p><strong>L<\/strong><strong>icencia de Creative Commons: Atribuci\u00f3n\u00a0\u2013 No comercial\u00a0\u2013\u00a0Sin Derivar.\u00a0Esta licencia solo permite la descarga de esta obra para compartirla con otras personas, siempre y cuando se reconozca su autor\u00eda. La obra no se puede modificar de ninguna manera, ni se puede utilizar comercialmente.<\/strong><\/p>\n","protected":false},"featured_media":1355,"comment_status":"open","ping_status":"closed","template":"","meta":{"_acf_changed":false},"product_brand":[],"product_cat":[103],"product_tag":[],"class_list":{"0":"post-1074","1":"product","2":"type-product","3":"status-publish","4":"has-post-thumbnail","6":"product_cat-proyecciones_y_apuestas","8":"first","9":"instock","10":"virtual","11":"purchasable","12":"product-type-simple"},"acf":[],"_links":{"self":[{"href":"https:\/\/idpc.gov.co\/publicaciones\/wp-json\/wp\/v2\/product\/1074","targetHints":{"allow":["GET"]}}],"collection":[{"href":"https:\/\/idpc.gov.co\/publicaciones\/wp-json\/wp\/v2\/product"}],"about":[{"href":"https:\/\/idpc.gov.co\/publicaciones\/wp-json\/wp\/v2\/types\/product"}],"replies":[{"embeddable":true,"href":"https:\/\/idpc.gov.co\/publicaciones\/wp-json\/wp\/v2\/comments?post=1074"}],"wp:featuredmedia":[{"embeddable":true,"href":"https:\/\/idpc.gov.co\/publicaciones\/wp-json\/wp\/v2\/media\/1355"}],"wp:attachment":[{"href":"https:\/\/idpc.gov.co\/publicaciones\/wp-json\/wp\/v2\/media?parent=1074"}],"wp:term":[{"taxonomy":"product_brand","embeddable":true,"href":"https:\/\/idpc.gov.co\/publicaciones\/wp-json\/wp\/v2\/product_brand?post=1074"},{"taxonomy":"product_cat","embeddable":true,"href":"https:\/\/idpc.gov.co\/publicaciones\/wp-json\/wp\/v2\/product_cat?post=1074"},{"taxonomy":"product_tag","embeddable":true,"href":"https:\/\/idpc.gov.co\/publicaciones\/wp-json\/wp\/v2\/product_tag?post=1074"}],"curies":[{"name":"wp","href":"https:\/\/api.w.org\/{rel}","templated":true}]}}