{"id":1069,"date":"2018-04-29T00:06:16","date_gmt":"2018-04-29T05:06:16","guid":{"rendered":"https:\/\/idpc.gov.co\/publicaciones\/?post_type=product&#038;p=1069"},"modified":"2024-04-30T22:14:43","modified_gmt":"2024-05-01T03:14:43","slug":"saul-orduz-los-sintomas-de-la-modernidad","status":"publish","type":"product","link":"https:\/\/idpc.gov.co\/publicaciones\/producto\/saul-orduz-los-sintomas-de-la-modernidad\/","title":{"rendered":"Sa\u00fal Orduz. Los s\u00edntomas de la modernidad"},"content":{"rendered":"<div style=\"position: relative; padding-top: max(60%,326px); height: 0; width: 100%;\"><iframe style=\"position: absolute; border: none; width: 100%; height: 100%; left: 0; right: 0; top: 0; bottom: 0;\" src=\"https:\/\/e.issuu.com\/embed.html?d=saul_orduz_ebook&amp;u=patrimoniobogota\" sandbox=\"allow-top-navigation allow-top-navigation-by-user-activation allow-downloads allow-scripts allow-same-origin allow-popups allow-modals allow-popups-to-escape-sandbox\" allowfullscreen=\"allowfullscreen\"><\/iframe><\/div>\n","protected":false},"excerpt":{"rendered":"<p>El trabajo fotogr\u00e1fico de Sa\u00fal Orduz constituye\u00a0uno de los corpus iconogr\u00e1ficos m\u00e1s significativos\u00a0para evidenciar, entender y cuestionar el\u00a0largo proceso de modernizaci\u00f3n de Bogot\u00e1 a\u00a0nivel integral, ya que logr\u00f3 registrar de manera\u00a0paciente, arriesgada y minuciosa los cambios\u00a0f\u00edsicos y sociales de la ciudad durante casi cinco\u00a0d\u00e9cadas fundamentales.<\/p>\n<p>Desde los a\u00f1os cincuenta, Orduz inici\u00f3 su labor\u00a0como fot\u00f3grafo autodidacta y se especializ\u00f3 en\u00a0la fotograf\u00eda urbana -panor\u00e1micas, vistas a\u00e9reas,\u00a0fotograf\u00eda de arquitectura-, seguramente\u00a0motivado por la certeza del periodo hist\u00f3rico\u00a0que estaba viviendo, enfocado en el impulso de\u00a0modernizaci\u00f3n que permeaba la ciudad a nivel\u00a0arquitect\u00f3nico, social y cultural.<\/p>\n<p>En este sentido, las fotograf\u00edas de Orduz nos\u00a0permiten identificar los s\u00edntomas de la modernidad,\u00a0es decir, las coordenadas de transformaci\u00f3n\u00a0del paisaje urbano que determinaron\u00a0nuevas formas de mirar y entender la ciudad,\u00a0as\u00ed como las consecuencias (actuales) que de\u00a0ello se derivan.<\/p>\n<p><strong>Autor:\u00a0<\/strong> Instituto Distrital de Patrimonio Cultural<br \/>\n<strong>A\u00f1o:<\/strong> 2015<\/p>\n<p><a href=\"https:\/\/libreriasiglo.com\/selloeditorial\/ipc-instituto-distrital-de-patrimonio-cultural.html\"><img decoding=\"async\" class=\"alignleft wp-image-11899 size-full\" src=\"https:\/\/idpc.gov.co\/publicaciones\/wp-content\/uploads\/2020\/12\/comprar.png\" alt=\"Comprar\" width=\"158\" height=\"49\" \/><\/a><\/p>\n","protected":false},"featured_media":343,"comment_status":"open","ping_status":"closed","template":"","meta":{"_acf_changed":false},"product_brand":[],"product_cat":[105,91],"product_tag":[],"class_list":{"0":"post-1069","1":"product","2":"type-product","3":"status-publish","4":"has-post-thumbnail","6":"product_cat-memorias_museo","7":"product_cat-nombres_propios","9":"first","10":"instock","11":"shipping-taxable","12":"purchasable","13":"product-type-simple"},"acf":[],"_links":{"self":[{"href":"https:\/\/idpc.gov.co\/publicaciones\/wp-json\/wp\/v2\/product\/1069","targetHints":{"allow":["GET"]}}],"collection":[{"href":"https:\/\/idpc.gov.co\/publicaciones\/wp-json\/wp\/v2\/product"}],"about":[{"href":"https:\/\/idpc.gov.co\/publicaciones\/wp-json\/wp\/v2\/types\/product"}],"replies":[{"embeddable":true,"href":"https:\/\/idpc.gov.co\/publicaciones\/wp-json\/wp\/v2\/comments?post=1069"}],"wp:featuredmedia":[{"embeddable":true,"href":"https:\/\/idpc.gov.co\/publicaciones\/wp-json\/wp\/v2\/media\/343"}],"wp:attachment":[{"href":"https:\/\/idpc.gov.co\/publicaciones\/wp-json\/wp\/v2\/media?parent=1069"}],"wp:term":[{"taxonomy":"product_brand","embeddable":true,"href":"https:\/\/idpc.gov.co\/publicaciones\/wp-json\/wp\/v2\/product_brand?post=1069"},{"taxonomy":"product_cat","embeddable":true,"href":"https:\/\/idpc.gov.co\/publicaciones\/wp-json\/wp\/v2\/product_cat?post=1069"},{"taxonomy":"product_tag","embeddable":true,"href":"https:\/\/idpc.gov.co\/publicaciones\/wp-json\/wp\/v2\/product_tag?post=1069"}],"curies":[{"name":"wp","href":"https:\/\/api.w.org\/{rel}","templated":true}]}}