{"id":1067,"date":"2018-02-28T23:58:33","date_gmt":"2018-03-01T04:58:33","guid":{"rendered":"https:\/\/idpc.gov.co\/publicaciones\/?post_type=product&#038;p=1067"},"modified":"2024-04-30T22:28:41","modified_gmt":"2024-05-01T03:28:41","slug":"dog-days-bogota-alec-soth-2","status":"publish","type":"product","link":"https:\/\/idpc.gov.co\/publicaciones\/producto\/dog-days-bogota-alec-soth-2\/","title":{"rendered":"Dog Days Bogot\u00e1. Alec Soth"},"content":{"rendered":"<div style=\"position: relative; padding-top: max(60%,326px); height: 0; width: 100%;\"><iframe style=\"position: absolute; border: none; width: 100%; height: 100%; left: 0; right: 0; top: 0; bottom: 0;\" src=\"https:\/\/e.issuu.com\/embed.html?d=dogdaysbogota_alec_soth&amp;u=patrimoniobogota\" sandbox=\"allow-top-navigation allow-top-navigation-by-user-activation allow-downloads allow-scripts allow-same-origin allow-popups allow-modals allow-popups-to-escape-sandbox\" allowfullscreen=\"allowfullscreen\"><\/iframe><\/div>\n","protected":false},"excerpt":{"rendered":"<p>\u00bfPor qu\u00e9\u00a0 un instituto que se ocupa del patrimonio cultural de una ciudad asume una relaci\u00f3n tan estrecha con el universo de las im\u00e1genes? Esta pregunta, formulada en ocasi\u00f3n de la\u00a0 exposici\u00f3n de la serie fotogr\u00e1fica Dog Days Bogot\u00e1 de\u00a0 Alec Soth en el Museo de Bogot\u00e1 del Instituto Distrital de Patrimonio Cultural y plasmada en esta publicaci\u00f3n, entra\u00f1a, por lo menos, dos \u00e1mbitos de reflexi\u00f3n.<\/p>\n<p>El primero: las ciudades contempor\u00e1neas como\u00a0Bogot\u00e1, \u00a0no habr\u00edan de ser m\u00e1s que el inasible y ca\u00f3tico transcurrir del tiempo sin posibilidad de redenci\u00f3n, el ambiguo reino de lo accidental, lo transitorio, lo fugitivo, lo contingente;\u00a0 no habr\u00edan de ser m\u00e1s, para usar una expresi\u00f3n de Baudelaire referida a Par\u00eds, que tiempo que se deshace\u00a0 entre las manos.<\/p>\n<p>El segundo: los artistas en la contemporaneidad no han dejado de reiterar una pregunta que ha de ser le\u00edda ya como fundamento de lo que se ha dado en llamar la cultura contempor\u00e1nea: \u00bfpor qu\u00e9 las im\u00e1genes deber\u00edan hacerse cargo de una tarea de car\u00e1cter \u00e9tico? El arte (la imagen) tendr\u00eda la tarea de dejar aparecer algo muy decisivo en el \u00e1mbito de las implicaciones \u00e9tico-pol\u00edticas de las sociedades en las cuales act\u00faa.\u00a0 Emprender este derrotero de la reflexi\u00f3n implica asumir la sentencia que Giorgio Agamben dej\u00f3 consignada en <em>Lo que queda de Auschwitz<\/em>: \u201clos artistas\u00a0 han de fundar su lengua como aquello que sobrevive en acto a la imposibilidad de hablar\u201d.<\/p>\n<p><strong>Autor:<\/strong> Instituto Distrital de Patrimonio Cultural<br \/>\n<strong>A\u00f1o:<\/strong> 2013<\/p>\n","protected":false},"featured_media":701,"comment_status":"open","ping_status":"closed","template":"","meta":{"_acf_changed":false},"product_brand":[],"product_cat":[101,105],"product_tag":[],"class_list":{"0":"post-1067","1":"product","2":"type-product","3":"status-publish","4":"has-post-thumbnail","6":"product_cat-lugares_y_tiempos","7":"product_cat-memorias_museo","9":"first","10":"instock","11":"shipping-taxable","12":"purchasable","13":"product-type-simple"},"acf":[],"_links":{"self":[{"href":"https:\/\/idpc.gov.co\/publicaciones\/wp-json\/wp\/v2\/product\/1067","targetHints":{"allow":["GET"]}}],"collection":[{"href":"https:\/\/idpc.gov.co\/publicaciones\/wp-json\/wp\/v2\/product"}],"about":[{"href":"https:\/\/idpc.gov.co\/publicaciones\/wp-json\/wp\/v2\/types\/product"}],"replies":[{"embeddable":true,"href":"https:\/\/idpc.gov.co\/publicaciones\/wp-json\/wp\/v2\/comments?post=1067"}],"wp:featuredmedia":[{"embeddable":true,"href":"https:\/\/idpc.gov.co\/publicaciones\/wp-json\/wp\/v2\/media\/701"}],"wp:attachment":[{"href":"https:\/\/idpc.gov.co\/publicaciones\/wp-json\/wp\/v2\/media?parent=1067"}],"wp:term":[{"taxonomy":"product_brand","embeddable":true,"href":"https:\/\/idpc.gov.co\/publicaciones\/wp-json\/wp\/v2\/product_brand?post=1067"},{"taxonomy":"product_cat","embeddable":true,"href":"https:\/\/idpc.gov.co\/publicaciones\/wp-json\/wp\/v2\/product_cat?post=1067"},{"taxonomy":"product_tag","embeddable":true,"href":"https:\/\/idpc.gov.co\/publicaciones\/wp-json\/wp\/v2\/product_tag?post=1067"}],"curies":[{"name":"wp","href":"https:\/\/api.w.org\/{rel}","templated":true}]}}